{"id":312,"date":"2025-12-07T06:15:46","date_gmt":"2025-12-07T06:15:46","guid":{"rendered":"https:\/\/fortis-inkasso.sizzle.org.in\/?page_id=312"},"modified":"2026-03-04T11:01:48","modified_gmt":"2026-03-04T11:01:48","slug":"widerrufsbelehrung","status":"publish","type":"page","link":"https:\/\/fortis-inkasso.de\/ja\/widerrufsbelehrung\/","title":{"rendered":"\u53d6\u6d88\u306b\u95a2\u3059\u308b\u8aac\u660e"},"content":{"rendered":"<div data-elementor-type=\"wp-page\" data-elementor-id=\"312\" class=\"elementor elementor-312\" data-elementor-post-type=\"page\">\n\t\t\t\t<div class=\"elementor-element elementor-element-79f056c e-flex e-con-boxed e-con e-parent\" data-id=\"79f056c\" data-element_type=\"container\" data-e-type=\"container\" data-settings=\"{&quot;background_background&quot;:&quot;classic&quot;}\">\n\t\t\t\t\t<div class=\"e-con-inner\">\n\t\t<div class=\"elementor-element elementor-element-fe71be9 e-con-full e-flex e-con e-child\" data-id=\"fe71be9\" data-element_type=\"container\" data-e-type=\"container\">\n\t\t<div class=\"elementor-element elementor-element-32475f6 e-con-full e-flex e-con e-child\" data-id=\"32475f6\" data-element_type=\"container\" data-e-type=\"container\">\n\t\t<div class=\"elementor-element elementor-element-ab1410c e-con-full e-flex e-con e-child\" data-id=\"ab1410c\" data-element_type=\"container\" data-e-type=\"container\">\n\t\t\t\t<div class=\"elementor-element elementor-element-af18844 elementor-widget elementor-widget-text-editor\" data-id=\"af18844\" data-element_type=\"widget\" data-e-type=\"widget\" data-widget_type=\"text-editor.default\">\n\t\t\t\t\t\t\t\t\t<h3><strong><span class=\"s4\">Fortis Inkasso GmbH &amp; Co. KG \u306e\u53d6\u6d88\u306b\u95a2\u3059\u308b\u8aac\u660e<\/span><\/strong><\/h3><p>\u3053\u3061\u3089\u304b\u3089\u5f53\u793e\u306e <a href=\"https:\/\/fortis-inkasso.de\/ja\/datenschutzerklaerung\/\">\u500b\u4eba\u60c5\u5831\u4fdd\u8b77\u65b9\u91dd<\/a>.<\/p>\t\t\t\t\t\t\t\t<\/div>\n\t\t\t\t<\/div>\n\t\t\t\t<\/div>\n\t\t<div class=\"elementor-element elementor-element-e1e82ad e-con-full e-flex e-con e-child\" data-id=\"e1e82ad\" data-element_type=\"container\" data-e-type=\"container\">\n\t\t<div class=\"elementor-element elementor-element-ad3641c e-con-full e-flex e-con e-child\" data-id=\"ad3641c\" data-element_type=\"container\" data-e-type=\"container\">\n\t\t\t\t<div class=\"elementor-element elementor-element-161318b elementor-widget elementor-widget-text-editor\" data-id=\"161318b\" data-element_type=\"widget\" data-e-type=\"widget\" data-widget_type=\"text-editor.default\">\n\t\t\t\t\t\t\t\t\t<h5><strong><span class=\"s5\">\u53d6\u6d88\u306b\u95a2\u3059\u308b\u8aac\u660e<\/span><\/strong><\/h5><p>\u304a\u5ba2\u69d8\u306f\u3001\u7406\u7531\u306e\u5982\u4f55\u3092\u554f\u308f\u305a\u300114\u65e5\u4ee5\u5185\u306b\u672c\u5951\u7d04\u3092\u89e3\u9664\u3059\u308b\u6a29\u5229\u3092\u6709\u3057\u307e\u3059\u3002.<br \/>\u5951\u7d04\u7de0\u7d50\u65e5\u304b\u308914\u65e5\u9593\u304c\u64a4\u56de\u671f\u9593\u3068\u306a\u308a\u307e\u3059\u3002.<br \/>\u64a4\u56de\u6a29\u3092\u884c\u4f7f\u3059\u308b\u306b\u306f\u3001\u5f53\u793e\uff08Fortis Inkasso GmbH &amp; Co. KG\u3001Gehrtsstrasse 16\u300140235 D\u00fcsseldorf\u3001E\u30e1\u30fc\u30eb\uff1ainfo@fortis-inkasso.de\uff09\u306b\u5bfe\u3057\u3066\u3001\u672c\u5951\u7d04\u306e\u64a4\u56de\u306b\u95a2\u3059\u308b\u6c7a\u5b9a\u3092\u660e\u78ba\u306a\u58f0\u660e\uff08\u4f8b\uff1a\u90f5\u9001\u306b\u3088\u308b\u624b\u7d19\u307e\u305f\u306fE\u30e1\u30fc\u30eb\uff09\u3067\u901a\u77e5\u3059\u308b\u5fc5\u8981\u304c\u3042\u308a\u307e\u3059\u3002.<br \/>\u64a4\u56de\u671f\u9593\u3092\u5b88\u308b\u306b\u306f\u3001\u64a4\u56de\u671f\u9593\u304c\u7d42\u4e86\u3059\u308b\u524d\u306b\u3001\u64a4\u56de\u6a29\u306e\u884c\u4f7f\u306b\u95a2\u3059\u308b\u901a\u77e5\u3092\u9001\u4fe1\u3059\u308c\u3070\u5341\u5206\u3067\u3059\u3002.<\/p><p>\u5229\u7528\u8005\u304c\u3001\u767b\u9332\u5f8c\u76f4\u3061\u306b\uff08\u6cd5\u5b9a\u89e3\u7d04\u671f\u9593\u6e80\u4e86\u524d\u306b\uff09\u30b5\u30fc\u30d3\u30b9\u306e\u63d0\u4f9b\u3092\u958b\u59cb\u3059\u308b\u3053\u3068\u3092\u5e0c\u671b\u3059\u308b\u5834\u5408\u3002.<\/p><p>\u5229\u7528\u8005\u306f\u3001\u6d88\u8cbb\u8005\u3068\u3057\u3066\u306e\u6cd5\u5b9a\u89e3\u7d04\u6a29\u304c\u3001\u30b5\u30fc\u30d3\u30b9\u306e\u5b8c\u5168\u306a\u63d0\u4f9b\u5f8c\u306b\u5931\u52b9\u3059\u308b\u53ef\u80fd\u6027\u304c\u3042\u308b\u3053\u3068\u3092\u8a8d\u3081\u308b\u3082\u306e\u3068\u3057\u307e\u3059\uff08\u304a\u3088\u3073\uff0f\u307e\u305f\u306f\u3001\u30b5\u30fc\u30d3\u30b9\u306e\u63d0\u4f9b\u5f8c\u306b\u89e3\u7d04\u3057\u305f\u5834\u5408\u3001\u65e5\u5272\u308a\u8a08\u7b97\u3055\u308c\u305f\u91d1\u984d\u3092\u652f\u6255\u308f\u306a\u3051\u308c\u3070\u306a\u3089\u306a\u3044\u53ef\u80fd\u6027\u304c\u3042\u308b\u3053\u3068\u3092\u8a8d\u3081\u308b\u3082\u306e\u3068\u3057\u307e\u3059\uff09\u3002.<\/p><p><strong>\u64a4\u56de\u306e\u7d50\u679c<\/strong><br \/>\u304a\u5ba2\u69d8\u304c\u672c\u5951\u7d04\u3092\u64a4\u56de\u3059\u308b\u5834\u5408\u3001\u5f53\u793e\u306f\u3001\u304a\u5ba2\u69d8\u304b\u3089\u53d7\u3051\u53d6\u3063\u305f\u3059\u3079\u3066\u306e\u652f\u6255\u3044\uff08\u914d\u9001\u8cbb\u7528\u3092\u542b\u3080\u3002\u305f\u3060\u3057\u3001\u5f53\u793e\u304c\u63d0\u4f9b\u3059\u308b\u6700\u3082\u5b89\u4fa1\u306a\u6a19\u6e96\u914d\u9001\u4ee5\u5916\u306e\u914d\u9001\u65b9\u6cd5\u3092\u304a\u5ba2\u69d8\u304c\u9078\u629e\u3057\u305f\u3053\u3068\u306b\u8d77\u56e0\u3059\u308b\u8ffd\u52a0\u8cbb\u7528\u306f\u9664\u304f\uff09\u3092\u3001\u304a\u5ba2\u69d8\u306b\u3088\u308b\u672c\u5951\u7d04\u306e\u64a4\u56de\u306b\u95a2\u3059\u308b\u901a\u77e5\u3092\u5f53\u793e\u304c\u53d7\u9818\u3057\u305f\u65e5\u304b\u308914\u65e5\u4ee5\u5185\u306b\u3001\u9045\u6ede\u306a\u304f\u8fd4\u91d1\u3044\u305f\u3057\u307e\u3059\u3002 \u3053\u306e\u8fd4\u91d1\u306f\u3001\u304a\u5ba2\u69d8\u3068\u5225\u9014\u5408\u610f\u3057\u305f\u5834\u5408\u3092\u9664\u304d\u3001\u304a\u5ba2\u69d8\u304c\u5f53\u521d\u306e\u53d6\u5f15\u306b\u4f7f\u7528\u3057\u305f\u540c\u3058\u652f\u6255\u3044\u65b9\u6cd5\u3067\u884c\u3044\u307e\u3059\u3002\u3044\u304b\u306a\u308b\u5834\u5408\u3067\u3082\u3001\u3053\u306e\u8fd4\u91d1\u306b\u3088\u308a\u304a\u5ba2\u69d8\u306b\u624b\u6570\u6599\u304c\u8acb\u6c42\u3055\u308c\u308b\u3053\u3068\u306f\u3042\u308a\u307e\u305b\u3093\u3002.<\/p>\t\t\t\t\t\t\t\t<\/div>\n\t\t\t\t<\/div>\n\t\t\t\t<\/div>\n\t\t\t\t<\/div>\n\t\t\t\t\t<\/div>\n\t\t\t\t<\/div>\n\t\t\t\t<\/div>","protected":false},"excerpt":{"rendered":"<p>Widerrufsbelehrung\u00a0 der Fortis Inkasso GmbH &amp; Co. KG Hier geht es zu unserer Datenschutzerkl\u00e4rung. Widerrufsbelehrung Sie haben das Recht, binnen vierzehn Tagen ohne Angabe von Gr\u00fcnden diesen Vertrag zu widerrufen.Die Widerrufsfrist betr\u00e4gt vierzehn Tage ab dem Tag Vertragsschluss.Um Ihr Widerrufsrecht auszu\u00fcben, m\u00fcssen Sie uns ( Fortis Inkasso GmbH &amp; Co. KG, Gehrtsstrasse 16, 40235 D\u00fcsseldorf, E-Mail: info@fortis-inkasso.de) mittels einer eindeutigen Erkl\u00e4rung (z. B. ein mit der Post versandter Brief oder eine E-Mail) \u00fcber Ihren Entschluss, diesen Vertrag zu widerrufen, informieren.Zur Wahrung der Widerrufsfrist reicht es aus, dass Sie die Mitteilung \u00fcber die Aus\u00fcbung des Widerrufsrechts vor Ablauf der Widerrufsfrist absenden. Der Nutzer verlangt, dass wir unmittelbar nach der Registrierung (vor [&hellip;]<\/p>\n","protected":false},"author":1,"featured_media":0,"parent":0,"menu_order":0,"comment_status":"closed","ping_status":"closed","template":"","meta":{"footnotes":""},"class_list":["post-312","page","type-page","status-publish","hentry"],"_links":{"self":[{"href":"https:\/\/fortis-inkasso.de\/ja\/wp-json\/wp\/v2\/pages\/312","targetHints":{"allow":["GET"]}}],"collection":[{"href":"https:\/\/fortis-inkasso.de\/ja\/wp-json\/wp\/v2\/pages"}],"about":[{"href":"https:\/\/fortis-inkasso.de\/ja\/wp-json\/wp\/v2\/types\/page"}],"author":[{"embeddable":true,"href":"https:\/\/fortis-inkasso.de\/ja\/wp-json\/wp\/v2\/users\/1"}],"replies":[{"embeddable":true,"href":"https:\/\/fortis-inkasso.de\/ja\/wp-json\/wp\/v2\/comments?post=312"}],"version-history":[{"count":7,"href":"https:\/\/fortis-inkasso.de\/ja\/wp-json\/wp\/v2\/pages\/312\/revisions"}],"predecessor-version":[{"id":389,"href":"https:\/\/fortis-inkasso.de\/ja\/wp-json\/wp\/v2\/pages\/312\/revisions\/389"}],"wp:attachment":[{"href":"https:\/\/fortis-inkasso.de\/ja\/wp-json\/wp\/v2\/media?parent=312"}],"curies":[{"name":"wp","href":"https:\/\/api.w.org\/{rel}","templated":true}]}}