{"id":252,"date":"2025-12-07T05:51:08","date_gmt":"2025-12-07T05:51:08","guid":{"rendered":"https:\/\/fortis-inkasso.sizzle.org.in\/?page_id=252"},"modified":"2025-12-07T05:55:22","modified_gmt":"2025-12-07T05:55:22","slug":"impressum","status":"publish","type":"page","link":"https:\/\/fortis-inkasso.de\/ja\/impressum\/","title":{"rendered":"\u30a4\u30f3\u30d7\u30ea\u30f3\u30c8"},"content":{"rendered":"<div data-elementor-type=\"wp-page\" data-elementor-id=\"252\" class=\"elementor elementor-252\" data-elementor-post-type=\"page\">\n\t\t\t\t<div class=\"elementor-element elementor-element-1992b8d e-flex e-con-boxed e-con e-parent\" data-id=\"1992b8d\" data-element_type=\"container\" data-e-type=\"container\" data-settings=\"{&quot;background_background&quot;:&quot;classic&quot;}\">\n\t\t\t\t\t<div class=\"e-con-inner\">\n\t\t<div class=\"elementor-element elementor-element-654e963 e-con-full e-flex e-con e-child\" data-id=\"654e963\" data-element_type=\"container\" data-e-type=\"container\">\n\t\t\t\t<div class=\"elementor-element elementor-element-72a68d6 elementor-widget elementor-widget-text-editor\" data-id=\"72a68d6\" data-element_type=\"widget\" data-e-type=\"widget\" data-widget_type=\"text-editor.default\">\n\t\t\t\t\t\t\t\t\t<h2>\u4ed5\u69d8<\/h2>\n<p>Fortis Inkasso GmbH &amp; Co. KG<br>\u30b2\u30fc\u30eb\u30c4\u901a\u308a16\u756a\u5730<br>40235 \u30c7\u30e5\u30c3\u30bb\u30eb\u30c9\u30eb\u30d5 \/ \u30c9\u30a4\u30c4<\/p>\n<p>M +49 211 15856110<\/p>\n<p>info@fortis-inkasso.de<\/p>\n<p>\u30a6\u30a7\u30d6. &nbsp;<a href=\"https:\/\/fortis-inkasso.de\/ja\/\">www.fortis-inkasso.de<\/a><\/p>\n<p>\u767b\u9332\u4e8b\u52d9\u6240: \u30c7\u30e5\u30c3\u30bb\u30eb\u30c9\u30eb\u30d5<br>\u767b\u9332\u756a\u53f7 HRA 27149<br><span style=\"background-color: var( --e-global-color-c2dac2c ); color: var( --e-global-color-text ); font-family: var( --e-global-typography-text-font-family ), Sans-serif; font-size: var( --e-global-typography-text-font-size ); font-weight: var( --e-global-typography-text-font-weight );\">\u4ed8\u52a0\u4fa1\u5024\u7a0eID\uff1aDE368251884<\/span><\/p><p><span style=\"background-color: var( --e-global-color-c2dac2c ); color: var( --e-global-color-text ); font-family: var( --e-global-typography-text-font-family ), Sans-serif; font-size: var( --e-global-typography-text-font-size );\"><b>\u76e3\u7763<\/b><\/span><span style=\"background-color: var( --e-global-color-c2dac2c ); color: var( --e-global-color-text ); font-family: var( --e-global-typography-text-font-family ), Sans-serif; font-size: var( --e-global-typography-text-font-size ); font-weight: var( --e-global-typography-text-font-weight );\">:&nbsp;<\/span><\/p><p><span style=\"background-color: var( --e-global-color-c2dac2c );\">\u9023\u90a6\u53f8\u6cd5\u7701<\/span><\/p><p>\u30a2\u30c7\u30ca\u30a6\u30a8\u30e9\u30ec\u30fc99 - 103<\/p><p>53113 \u30dc\u30f3<\/p><p>\u30c9\u30a4\u30c4<\/p>\n<p>\u30de\u30cd\u30fc\u30b8\u30f3\u30b0\u30fb\u30c7\u30a3\u30ec\u30af\u30bf\u30fc\uff1a\u30d5\u30a9\u30eb\u30c6\u30a3\u30b9\u30fb\u30f4\u30a7\u30eb\u30f4\u30a1\u30eb\u30c8\u30a5\u30f3\u30b0\u30b9GmbH<\/p>\n<p><strong>\u514d\u8cac\u4e8b\u9805 - \u514d\u8cac\u4e8b\u9805\uff1a<\/strong><\/p>\n<p><u>\u30b3\u30f3\u30c6\u30f3\u30c4\u306b\u5bfe\u3059\u308b\u8cac\u4efb<\/u><\/p>\n<p>\u5f53\u30a6\u30a7\u30d6\u30b5\u30a4\u30c8\u306b\u63b2\u8f09\u3055\u308c\u3066\u3044\u308b\u3059\u3079\u3066\u306e\u30b3\u30f3\u30c6\u30f3\u30c4\u306f\u3001\u7d30\u5fc3\u306e\u6ce8\u610f\u3092\u6255\u3044\u3001\u5f53\u793e\u306e\u77e5\u308b\u9650\u308a\u306b\u304a\u3044\u3066\u4f5c\u6210\u3055\u308c\u3066\u3044\u307e\u3059\u3002\u3057\u304b\u3057\u306a\u304c\u3089\u3001\u30b3\u30f3\u30c6\u30f3\u30c4\u306e\u6b63\u78ba\u6027\u3001\u5b8c\u5168\u6027\u3001\u6642\u4e8b\u6027\u306b\u3064\u3044\u3066\u306f\u3001\u3044\u304b\u306a\u308b\u8cac\u4efb\u3082\u8ca0\u3044\u304b\u306d\u307e\u3059\u3002\u30b5\u30fc\u30d3\u30b9\u30d7\u30ed\u30d0\u30a4\u30c0\u30fc\u3068\u3057\u3066\u3001\u5f0a\u793e\u306f\u4e00\u822c\u7684\u306a\u6cd5\u5f8b\u306b\u5f93\u3044\u3001\u3053\u308c\u3089\u306e\u30da\u30fc\u30b8\u306b\u63b2\u8f09\u3055\u308c\u3066\u3044\u308b\u72ec\u81ea\u306e\u30b3\u30f3\u30c6\u30f3\u30c4\u306b\u8cac\u4efb\u3092\u8ca0\u3044\u307e\u3059\u3002\u305f\u3060\u3057\u3001\u9001\u4fe1\u307e\u305f\u306f\u4fdd\u5b58\u3055\u308c\u305f\u7b2c\u4e09\u8005\u306e\u60c5\u5831\u3092\u76e3\u8996\u3057\u305f\u308a\u3001\u9055\u6cd5\u884c\u70ba\u3092\u793a\u3059\u72b6\u6cc1\u3092\u8abf\u67fb\u3057\u305f\u308a\u3059\u308b\u7fa9\u52d9\u306f\u3042\u308a\u307e\u305b\u3093\u3002\u4e00\u822c\u7684\u306a\u6cd5\u5f8b\u306b\u5f93\u3063\u3066\u60c5\u5831\u306e\u524a\u9664\u3084\u5229\u7528\u3092\u963b\u6b62\u3059\u308b\u7fa9\u52d9\u306f\u3001\u3053\u306e\u5f71\u97ff\u3092\u53d7\u3051\u307e\u305b\u3093\u3002.<\/p>\n<p>\u305f\u3060\u3057\u3001\u3053\u306e\u70b9\u306b\u95a2\u3059\u308b\u8cac\u4efb\u306f\u3001\u5f53\u793e\u304c\u7279\u5b9a\u306e\u4fb5\u5bb3\u3092\u8a8d\u8b58\u3057\u305f\u6642\u70b9\u304b\u3089\u53ef\u80fd\u3068\u306a\u308a\u307e\u3059\u3002\u5f53\u793e\u304c\u4e0a\u8a18\u306e\u4fb5\u5bb3\u3092\u8a8d\u8b58\u3057\u305f\u5834\u5408\u3001\u5f53\u793e\u306f\u76f4\u3061\u306b\u5f53\u8a72\u30b3\u30f3\u30c6\u30f3\u30c4\u3092\u524a\u9664\u3057\u307e\u3059\u3002.<\/p>\n<p><u>\u5916\u90e8\u30ea\u30f3\u30af\u306b\u95a2\u3059\u308b\u8cac\u4efb\u306e\u5236\u9650<\/u><\/p>\n<p>\u5f53\u793e\u306e\u30a6\u30a7\u30d6\u30b5\u30a4\u30c8\u306b\u306f\u3001\u5916\u90e8\u306e\u7b2c\u4e09\u8005\u306e\u30a6\u30a7\u30d6\u30b5\u30a4\u30c8\u3078\u306e\u30ea\u30f3\u30af\u304c\u542b\u307e\u308c\u3066\u3044\u307e\u3059\u3002\u5f0a\u793e\u306f\u3001\u3053\u308c\u3089\u306e\u76f4\u63a5\u7684\u307e\u305f\u306f\u9593\u63a5\u7684\u306b\u30ea\u30f3\u30af\u3055\u308c\u305f\u30a6\u30a7\u30d6\u30b5\u30a4\u30c8\u306e\u5185\u5bb9\u306b\u306f\u4e00\u5207\u5f71\u97ff\u3092\u53ca\u307c\u3057\u307e\u305b\u3093\u3002\u3057\u305f\u304c\u3063\u3066\u3001\u300c\u5916\u90e8\u30ea\u30f3\u30af\u300d\u306e\u5185\u5bb9\u306e\u6b63\u78ba\u3055\u306b\u3064\u3044\u3066\u3001\u5f53\u793e\u306f\u4e00\u5207\u306e\u8cac\u4efb\u3092\u8ca0\u3044\u307e\u305b\u3093\u3002\u5916\u90e8\u30ea\u30f3\u30af\u306e\u5185\u5bb9\u306b\u3064\u3044\u3066\u306f\u3001\u5404\u30b5\u30a4\u30c8\u306e\u63d0\u4f9b\u8005\u307e\u305f\u306f\u904b\u55b6\u8005\uff08\u4f5c\u8005\uff09\u304c\u8cac\u4efb\u3092\u8ca0\u3044\u307e\u3059\u3002.<\/p>\n<p>\u5916\u90e8\u30ea\u30f3\u30af\u306f\u3001\u30ea\u30f3\u30af\u4f5c\u6210\u6642\u306b\u6cd5\u4ee4\u9055\u53cd\u306e\u53ef\u80fd\u6027\u304c\u306a\u3044\u304b\u3092\u30c1\u30a7\u30c3\u30af\u3057\u3001\u30ea\u30f3\u30af\u4f5c\u6210\u6642\u306b\u9055\u6cd5\u306a\u30b3\u30f3\u30c6\u30f3\u30c4\u304c\u306a\u3044\u3053\u3068\u3092\u78ba\u8a8d\u3057\u3066\u3044\u307e\u3059\u3002\u4fb5\u5bb3\u306e\u5177\u4f53\u7684\u306a\u8a3c\u62e0\u304c\u306a\u3044\u9650\u308a\u3001\u5916\u90e8\u30ea\u30f3\u30af\u306e\u5185\u5bb9\u3092\u5e38\u306b\u30c1\u30a7\u30c3\u30af\u3059\u308b\u3053\u3068\u306f\u4e0d\u53ef\u80fd\u3067\u3059\u3002\u5f53\u793e\u306e\u8cac\u4efb\u7bc4\u56f2\u5916\u306b\u3042\u308b\u7b2c\u4e09\u8005\u306e\u30a6\u30a7\u30d6\u30b5\u30a4\u30c8\u3078\u306e\u76f4\u63a5\u307e\u305f\u306f\u9593\u63a5\u7684\u306a\u30ea\u30f3\u30af\u306e\u5834\u5408\u3001\u5f53\u793e\u304c\u305d\u306e\u30b3\u30f3\u30c6\u30f3\u30c4\u3092\u8a8d\u8b58\u3057\u3066\u304a\u308a\u3001\u9055\u6cd5\u306a\u30b3\u30f3\u30c6\u30f3\u30c4\u304c\u3042\u308b\u5834\u5408\u306b\u5f53\u793e\u304c\u5229\u7528\u3092\u9632\u6b62\u3059\u308b\u3053\u3068\u304c\u6280\u8853\u7684\u306b\u53ef\u80fd\u304b\u3064\u5408\u7406\u7684\u3067\u3042\u308b\u5834\u5408\u306b\u306e\u307f\u3001\u8ce0\u511f\u7fa9\u52d9\u304c\u751f\u3058\u307e\u3059\u3002.<\/p>\n<p>\u3053\u306e\u514d\u8cac\u4e8b\u9805\u306f\u3001\u5f53\u793e\u306e\u30a6\u30a7\u30d6\u30b5\u30a4\u30c8 \u201e \u306b\u3082\u9069\u7528\u3055\u308c\u307e\u3059\u3002\u201e<em>\u30c9\u30e1\u30a4\u30f3\u540d<\/em>\u201c\u300c\u30c7\u30a3\u30b9\u30ab\u30c3\u30b7\u30e7\u30f3\u30d5\u30a9\u30fc\u30e9\u30e0\u306e\u8cea\u554f\u8005\u3001\u30d6\u30ed\u30ac\u30fc\u3001\u30b2\u30b9\u30c8\u304b\u3089\u306e\u30ea\u30f3\u30af\u3084\u53c2\u7167\u3002\u9055\u6cd5\u3001\u4e0d\u6b63\u78ba\u307e\u305f\u306f\u4e0d\u5b8c\u5168\u306a\u5185\u5bb9\u3001\u7279\u306b\u305d\u306e\u3088\u3046\u306a\u60c5\u5831\u306e\u4f7f\u7528\u307e\u305f\u306f\u4e0d\u4f7f\u7528\u306b\u8d77\u56e0\u3059\u308b\u640d\u5bb3\u306b\u5bfe\u3059\u308b\u8cac\u4efb\u306f\u3001\u53c2\u7167\u5148\u306e\u30da\u30fc\u30b8\u306e\u30b5\u30fc\u30d3\u30b9\u63d0\u4f9b\u8005\u306e\u307f\u304c\u8ca0\u3046\u3082\u306e\u3067\u3042\u308a\u3001\u30ea\u30f3\u30af\u3092\u901a\u3058\u3066\u5404\u51fa\u7248\u7269\u3092\u5358\u306b\u53c2\u7167\u3057\u305f\u4eba\u306b\u3042\u308b\u3082\u306e\u3067\u306f\u3042\u308a\u307e\u305b\u3093\u3002.<\/p>\n<p>\u6cd5\u7684\u306a\u4fb5\u5bb3\u306b\u6c17\u4ed8\u3044\u305f\u5834\u5408\u306f\u3001\u76f4\u3061\u306b\u5916\u90e8\u30ea\u30f3\u30af\u3092\u524a\u9664\u3057\u307e\u3059\u3002.<\/p>\n<p><u>\u8457\u4f5c\u6a29<\/u><\/p>\n<p>\u5f53\u30a6\u30a7\u30d6\u30b5\u30a4\u30c8\u306b\u63b2\u8f09\u3055\u308c\u3066\u3044\u308b\u30b3\u30f3\u30c6\u30f3\u30c4\u304a\u3088\u3073\u4f5c\u54c1\u306f\u3001\u30c9\u30a4\u30c4\u306e\u8457\u4f5c\u6a29\u6cd5(<a href=\"http:\/\/www.gesetze-im-internet.de\/bundesrecht\/urhg\/gesamt.pdf\" target=\"_blank\" rel=\"noopener noreferrer\" data-extlink=\"\">http:\/\/www.gesetze-im-internet.de\/bundesrecht\/urhg\/gesamt.pdf<\/a>) .\u8457\u4f5c\u6a29\u6cd5\u306e\u7bc4\u56f2\u5916\u3067\u3001\u8457\u4f5c\u8005\u306e\u7406\u60f3\u7684\u304b\u3064\u7269\u8cea\u7684\u306a\u898b\u89e3\u306b\u57fa\u3065\u304f\u77e5\u7684\u8ca1\u7523\u306e\u8907\u88fd\u3001\u52a0\u5de5\u3001\u9812\u5e03\u3001\u304a\u3088\u3073\u3042\u3089\u3086\u308b\u7a2e\u985e\u306e\u5229\u7528\u306b\u306f\u3001\u8457\u4f5c\u6a29\u6cd5\u306e\u610f\u5473\u306b\u304a\u3051\u308b\u305d\u308c\u305e\u308c\u306e\u8457\u4f5c\u8005\u306e\u4e8b\u524d\u306e\u66f8\u9762\u306b\u3088\u308b\u540c\u610f\u304c\u5fc5\u8981\u3067\u3059(<a href=\"http:\/\/www.gesetze-im-internet.de\/bundesrecht\/urhg\/gesamt.pdf\" target=\"_blank\" rel=\"noopener noreferrer\" data-extlink=\"\">http:\/\/www.gesetze-im-internet.de\/bundesrecht\/urhg\/gesamt.pdf<\/a>&nbsp;).\u672c\u30b5\u30a4\u30c8\u306e\u30c0\u30a6\u30f3\u30ed\u30fc\u30c9\u304a\u3088\u3073\u30b3\u30d4\u30fc\u306f\u3001\u79c1\u7684\u304b\u3064\u975e\u5546\u696d\u7684\u306a\u4f7f\u7528\u306b\u9650\u308a\u8a31\u53ef\u3055\u308c\u307e\u3059\u3002\u5f53\u30a6\u30a7\u30d6\u30b5\u30a4\u30c8\u4e0a\u306e\u30b3\u30f3\u30c6\u30f3\u30c4\u304c\u5f53\u793e\u306b\u3088\u3063\u3066\u4f5c\u6210\u3055\u308c\u305f\u3082\u306e\u3067\u306a\u3044\u5834\u5408\u3001\u7b2c\u4e09\u8005\u306e\u8457\u4f5c\u6a29\u3092\u9075\u5b88\u3059\u308b\u5fc5\u8981\u304c\u3042\u308a\u307e\u3059\u3002\u7b2c\u4e09\u8005\u306e\u30b3\u30f3\u30c6\u30f3\u30c4\u306f\u305d\u306e\u3088\u3046\u306b\u8868\u793a\u3055\u308c\u307e\u3059\u3002\u305d\u308c\u306b\u3082\u304b\u304b\u308f\u3089\u305a\u3001\u8457\u4f5c\u6a29\u4fb5\u5bb3\u306b\u304a\u6c17\u3065\u304d\u306e\u5834\u5408\u306f\u3001\u305d\u306e\u65e8\u3054\u9023\u7d61\u304f\u3060\u3055\u3044\u3002\u5f0a\u793e\u304c\u8457\u4f5c\u6a29\u4fb5\u5bb3\u306b\u6c17\u3065\u3044\u305f\u5834\u5408\u3001\u76f4\u3061\u306b\u305d\u306e\u3088\u3046\u306a\u30b3\u30f3\u30c6\u30f3\u30c4\u3092\u524a\u9664\u3057\u307e\u3059\u3002.<\/p>\n<p>\u6d88\u8cbb\u8005\u7d1b\u4e89\u89e3\u6c7a\u6cd5\uff08VSBG\uff09\u7b2c36\u6761\u306b\u57fa\u3065\u304f\u60c5\u5831\u63d0\u4f9b\u306e\u4e00\u822c\u7fa9\u52d9\uff1a<br>Fortis Inkasso GmbH &amp; Co.KG\u306f\u3001VSBG\u306e\u610f\u5473\u306b\u304a\u3051\u308b\u7d1b\u4e89\u89e3\u6c7a\u624b\u7d9a\u304d\u306b\u53c2\u52a0\u3057\u307e\u305b\u3093\u3002\u305d\u3046\u3059\u308b\u6cd5\u7684\u7fa9\u52d9\u3082\u3042\u308a\u307e\u305b\u3093\u3002.<\/p>\t\t\t\t\t\t\t\t<\/div>\n\t\t\t\t<\/div>\n\t\t\t\t\t<\/div>\n\t\t\t\t<\/div>\n\t\t\t\t<\/div>","protected":false},"excerpt":{"rendered":"<p>Angaben: Fortis Inkasso GmbH &amp; Co. KGGehrtsstra\u00dfe 1640235 D\u00fcsseldorf \/ Germany M +49 211 15856110 Email. info@fortis-inkasso.de Web. &nbsp;www.fortis-inkasso.de Registered Office: D\u00fcsseldorfRegistration No. HRA 27149Umsatzsteuer ID: DE368251884 Aufsicht:&nbsp; Bundesamt f\u00fcr Justiz Adenauerallee 99 \u2013 103 53113 Bonn Deutschland Managing Director: Fortis Verwaltungs GmbH Haftungsausschluss \u2013 Disclaimer: Haftung f\u00fcr Inhalte Alle Inhalte unseres Internetauftritts wurden mit gr\u00f6\u00dfter Sorgfalt und nach bestem Gewissen erstellt. F\u00fcr die Richtigkeit, Vollst\u00e4ndigkeit und Aktualit\u00e4t der Inhalte k\u00f6nnen wir jedoch keine Gew\u00e4hr \u00fcbernehmen. Als Diensteanbieter sind wir&nbsp; f\u00fcr eigene Inhalte auf diesen Seiten nach den allgemeinen Gesetzen verantwortlich. Jedoch sind wir dabei nicht verpflichtet, \u00fcbermittelte oder gespeicherte fremde Informationen zu \u00fcberwachen oder nach Umst\u00e4nden zu forschen, die [&hellip;]<\/p>\n","protected":false},"author":1,"featured_media":0,"parent":0,"menu_order":0,"comment_status":"closed","ping_status":"closed","template":"","meta":{"footnotes":""},"class_list":["post-252","page","type-page","status-publish","hentry"],"_links":{"self":[{"href":"https:\/\/fortis-inkasso.de\/ja\/wp-json\/wp\/v2\/pages\/252","targetHints":{"allow":["GET"]}}],"collection":[{"href":"https:\/\/fortis-inkasso.de\/ja\/wp-json\/wp\/v2\/pages"}],"about":[{"href":"https:\/\/fortis-inkasso.de\/ja\/wp-json\/wp\/v2\/types\/page"}],"author":[{"embeddable":true,"href":"https:\/\/fortis-inkasso.de\/ja\/wp-json\/wp\/v2\/users\/1"}],"replies":[{"embeddable":true,"href":"https:\/\/fortis-inkasso.de\/ja\/wp-json\/wp\/v2\/comments?post=252"}],"version-history":[{"count":7,"href":"https:\/\/fortis-inkasso.de\/ja\/wp-json\/wp\/v2\/pages\/252\/revisions"}],"predecessor-version":[{"id":260,"href":"https:\/\/fortis-inkasso.de\/ja\/wp-json\/wp\/v2\/pages\/252\/revisions\/260"}],"wp:attachment":[{"href":"https:\/\/fortis-inkasso.de\/ja\/wp-json\/wp\/v2\/media?parent=252"}],"curies":[{"name":"wp","href":"https:\/\/api.w.org\/{rel}","templated":true}]}}