{"id":312,"date":"2025-12-07T06:15:46","date_gmt":"2025-12-07T06:15:46","guid":{"rendered":"https:\/\/fortis-inkasso.sizzle.org.in\/?page_id=312"},"modified":"2026-03-04T11:01:48","modified_gmt":"2026-03-04T11:01:48","slug":"widerrufsbelehrung","status":"publish","type":"page","link":"https:\/\/fortis-inkasso.de\/es\/widerrufsbelehrung\/","title":{"rendered":"Informaci\u00f3n sobre el derecho de desistimiento"},"content":{"rendered":"<div data-elementor-type=\"wp-page\" data-elementor-id=\"312\" class=\"elementor elementor-312\" data-elementor-post-type=\"page\">\n\t\t\t\t<div class=\"elementor-element elementor-element-79f056c e-flex e-con-boxed e-con e-parent\" data-id=\"79f056c\" data-element_type=\"container\" data-e-type=\"container\" data-settings=\"{&quot;background_background&quot;:&quot;classic&quot;}\">\n\t\t\t\t\t<div class=\"e-con-inner\">\n\t\t<div class=\"elementor-element elementor-element-fe71be9 e-con-full e-flex e-con e-child\" data-id=\"fe71be9\" data-element_type=\"container\" data-e-type=\"container\">\n\t\t<div class=\"elementor-element elementor-element-32475f6 e-con-full e-flex e-con e-child\" data-id=\"32475f6\" data-element_type=\"container\" data-e-type=\"container\">\n\t\t<div class=\"elementor-element elementor-element-ab1410c e-con-full e-flex e-con e-child\" data-id=\"ab1410c\" data-element_type=\"container\" data-e-type=\"container\">\n\t\t\t\t<div class=\"elementor-element elementor-element-af18844 elementor-widget elementor-widget-text-editor\" data-id=\"af18844\" data-element_type=\"widget\" data-e-type=\"widget\" data-widget_type=\"text-editor.default\">\n\t\t\t\t\t\t\t\t\t<h3><strong><span class=\"s4\">Informaci\u00f3n sobre el derecho de desistimiento  de Fortis Inkasso GmbH &amp; Co. KG<\/span><\/strong><\/h3><p>Aqu\u00ed encontrar\u00e1 nuestra <a href=\"https:\/\/fortis-inkasso.de\/es\/datenschutzerklaerung\/\">Pol\u00edtica de privacidad<\/a>.<\/p>\t\t\t\t\t\t\t\t<\/div>\n\t\t\t\t<\/div>\n\t\t\t\t<\/div>\n\t\t<div class=\"elementor-element elementor-element-e1e82ad e-con-full e-flex e-con e-child\" data-id=\"e1e82ad\" data-element_type=\"container\" data-e-type=\"container\">\n\t\t<div class=\"elementor-element elementor-element-ad3641c e-con-full e-flex e-con e-child\" data-id=\"ad3641c\" data-element_type=\"container\" data-e-type=\"container\">\n\t\t\t\t<div class=\"elementor-element elementor-element-161318b elementor-widget elementor-widget-text-editor\" data-id=\"161318b\" data-element_type=\"widget\" data-e-type=\"widget\" data-widget_type=\"text-editor.default\">\n\t\t\t\t\t\t\t\t\t<h5><strong><span class=\"s5\">Informaci\u00f3n sobre el derecho de desistimiento<\/span><\/strong><\/h5><p>Tiene derecho a rescindir este contrato en un plazo de catorce d\u00edas sin necesidad de indicar los motivos.<br \/>El plazo de revocaci\u00f3n es de catorce d\u00edas a partir de la fecha de celebraci\u00f3n del contrato.<br \/>Para ejercer su derecho de desistimiento, deber\u00e1 notificarnos (Fortis Inkasso GmbH &amp; Co. KG, Gehrtsstrasse 16, 40235 D\u00fcsseldorf, correo electr\u00f3nico: info@fortis-inkasso.de) su decisi\u00f3n de desistir del presente contrato mediante una declaraci\u00f3n inequ\u00edvoca (por ejemplo, una carta enviada por correo postal o un correo electr\u00f3nico).<br \/>Para cumplir con el plazo de revocaci\u00f3n, basta con que env\u00ede la notificaci\u00f3n sobre el ejercicio del derecho de revocaci\u00f3n antes de que expire el plazo de revocaci\u00f3n.<\/p><p>El usuario solicita que comencemos a prestarle los servicios inmediatamente despu\u00e9s de registrarse (antes de que expire el plazo legal de cancelaci\u00f3n).<\/p><p>El usuario reconoce que su derecho legal de cancelaci\u00f3n como consumidor puede expirar despu\u00e9s de que el servicio se haya prestado en su totalidad (y\/o puede tener que pagar una cantidad prorrateada si cancela despu\u00e9s de que el servicio se haya prestado).<\/p><p><strong>Consecuencias de la revocaci\u00f3n<\/strong><br \/>Si revoca este contrato, le reembolsaremos todos los pagos que hayamos recibido de usted, incluidos los gastos de env\u00edo (excepto los gastos adicionales derivados de la elecci\u00f3n de un tipo de env\u00edo diferente al env\u00edo est\u00e1ndar m\u00e1s econ\u00f3mico que ofrecemos), sin demora y, a m\u00e1s tardar, en un plazo de catorce d\u00edas a partir de la fecha en que hayamos recibido la notificaci\u00f3n de su revocaci\u00f3n de este contrato. Para este reembolso utilizaremos el mismo medio de pago que haya utilizado en la transacci\u00f3n original, a menos que se haya acordado expresamente otra cosa con usted; en ning\u00fan caso se le cobrar\u00e1n tasas por este reembolso.<\/p>\t\t\t\t\t\t\t\t<\/div>\n\t\t\t\t<\/div>\n\t\t\t\t<\/div>\n\t\t\t\t<\/div>\n\t\t\t\t\t<\/div>\n\t\t\t\t<\/div>\n\t\t\t\t<\/div>","protected":false},"excerpt":{"rendered":"<p>Widerrufsbelehrung\u00a0 der Fortis Inkasso GmbH &amp; Co. KG Hier geht es zu unserer Datenschutzerkl\u00e4rung. Widerrufsbelehrung Sie haben das Recht, binnen vierzehn Tagen ohne Angabe von Gr\u00fcnden diesen Vertrag zu widerrufen.Die Widerrufsfrist betr\u00e4gt vierzehn Tage ab dem Tag Vertragsschluss.Um Ihr Widerrufsrecht auszu\u00fcben, m\u00fcssen Sie uns ( Fortis Inkasso GmbH &amp; Co. KG, Gehrtsstrasse 16, 40235 D\u00fcsseldorf, [&hellip;]<\/p>\n","protected":false},"author":1,"featured_media":0,"parent":0,"menu_order":0,"comment_status":"closed","ping_status":"closed","template":"","meta":{"footnotes":""},"class_list":["post-312","page","type-page","status-publish","hentry"],"_links":{"self":[{"href":"https:\/\/fortis-inkasso.de\/es\/wp-json\/wp\/v2\/pages\/312","targetHints":{"allow":["GET"]}}],"collection":[{"href":"https:\/\/fortis-inkasso.de\/es\/wp-json\/wp\/v2\/pages"}],"about":[{"href":"https:\/\/fortis-inkasso.de\/es\/wp-json\/wp\/v2\/types\/page"}],"author":[{"embeddable":true,"href":"https:\/\/fortis-inkasso.de\/es\/wp-json\/wp\/v2\/users\/1"}],"replies":[{"embeddable":true,"href":"https:\/\/fortis-inkasso.de\/es\/wp-json\/wp\/v2\/comments?post=312"}],"version-history":[{"count":7,"href":"https:\/\/fortis-inkasso.de\/es\/wp-json\/wp\/v2\/pages\/312\/revisions"}],"predecessor-version":[{"id":389,"href":"https:\/\/fortis-inkasso.de\/es\/wp-json\/wp\/v2\/pages\/312\/revisions\/389"}],"wp:attachment":[{"href":"https:\/\/fortis-inkasso.de\/es\/wp-json\/wp\/v2\/media?parent=312"}],"curies":[{"name":"wp","href":"https:\/\/api.w.org\/{rel}","templated":true}]}}