{"id":252,"date":"2025-12-07T05:51:08","date_gmt":"2025-12-07T05:51:08","guid":{"rendered":"https:\/\/fortis-inkasso.sizzle.org.in\/?page_id=252"},"modified":"2025-12-07T05:55:22","modified_gmt":"2025-12-07T05:55:22","slug":"impressum","status":"publish","type":"page","link":"https:\/\/fortis-inkasso.de\/es\/impressum\/","title":{"rendered":"Aviso legal"},"content":{"rendered":"<div data-elementor-type=\"wp-page\" data-elementor-id=\"252\" class=\"elementor elementor-252\" data-elementor-post-type=\"page\">\n\t\t\t\t<div class=\"elementor-element elementor-element-1992b8d e-flex e-con-boxed e-con e-parent\" data-id=\"1992b8d\" data-element_type=\"container\" data-e-type=\"container\" data-settings=\"{&quot;background_background&quot;:&quot;classic&quot;}\">\n\t\t\t\t\t<div class=\"e-con-inner\">\n\t\t<div class=\"elementor-element elementor-element-654e963 e-con-full e-flex e-con e-child\" data-id=\"654e963\" data-element_type=\"container\" data-e-type=\"container\">\n\t\t\t\t<div class=\"elementor-element elementor-element-72a68d6 elementor-widget elementor-widget-text-editor\" data-id=\"72a68d6\" data-element_type=\"widget\" data-e-type=\"widget\" data-widget_type=\"text-editor.default\">\n\t\t\t\t\t\t\t\t\t<h2>Datos:<\/h2>\n<p>Fortis Inkasso GmbH &amp; Co. KG<br>Gehrtsstra\u00dfe 16<br>40235 D\u00fcsseldorf \/ Alemania<\/p>\n<p>M +49 211 15856110<\/p>\n<p>Correo electr\u00f3nico: info@fortis-inkasso.de<\/p>\n<p>Web. &nbsp;<a href=\"https:\/\/fortis-inkasso.de\/es\/\">www.fortis-inkasso.de<\/a><\/p>\n<p>Sede social: D\u00fcsseldorf<br>N\u00famero de registro HRA 27149<br><span style=\"background-color: var( --e-global-color-c2dac2c ); color: var( --e-global-color-text ); font-family: var( --e-global-typography-text-font-family ), Sans-serif; font-size: var( --e-global-typography-text-font-size ); font-weight: var( --e-global-typography-text-font-weight );\">N\u00famero de identificaci\u00f3n fiscal: DE368251884<\/span><\/p><p><span style=\"background-color: var( --e-global-color-c2dac2c ); color: var( --e-global-color-text ); font-family: var( --e-global-typography-text-font-family ), Sans-serif; font-size: var( --e-global-typography-text-font-size );\"><b>supervisi\u00f3n<\/b><\/span><span style=\"background-color: var( --e-global-color-c2dac2c ); color: var( --e-global-color-text ); font-family: var( --e-global-typography-text-font-family ), Sans-serif; font-size: var( --e-global-typography-text-font-size ); font-weight: var( --e-global-typography-text-font-weight );\">:&nbsp;<\/span><\/p><p><span style=\"background-color: var( --e-global-color-c2dac2c );\">Oficina Federal de Justicia<\/span><\/p><p>Adenauerallee 99-103<\/p><p>53113 Bonn<\/p><p>Alemania<\/p>\n<p>Director general: Fortis Verwaltungs GmbH<\/p>\n<p><strong>Exenci\u00f3n de responsabilidad \u2013 Descargo de responsabilidad:<\/strong><\/p>\n<p><u>Responsabilidad por los contenidos<\/u><\/p>\n<p>Todos los contenidos de nuestra p\u00e1gina web han sido elaborados con el mayor cuidado y seg\u00fan nuestro leal saber y entender. No obstante, no podemos garantizar la exactitud, integridad y actualidad de los contenidos. Como proveedores de servicios, somos responsables de los contenidos propios de estas p\u00e1ginas seg\u00fan la legislaci\u00f3n general. No obstante, no estamos obligados a supervisar la informaci\u00f3n transmitida o almacenada por terceros ni a investigar circunstancias que indiquen una actividad ilegal. Las obligaciones de eliminar o bloquear el uso de la informaci\u00f3n seg\u00fan la legislaci\u00f3n general no se ven afectadas por ello.<\/p>\n<p>No obstante, solo se podr\u00e1 exigir responsabilidad al respecto a partir del momento en que se tenga conocimiento de una infracci\u00f3n concreta. Tan pronto como tengamos conocimiento de las infracciones mencionadas, eliminaremos dichos contenidos de inmediato.<\/p>\n<p><u>Limitaci\u00f3n de responsabilidad para enlaces externos<\/u><\/p>\n<p>Nuestro sitio web contiene enlaces a sitios web externos de terceros. No tenemos ninguna influencia sobre los contenidos de estos sitios web enlazados directa o indirectamente. Por lo tanto, tampoco podemos asumir ninguna responsabilidad por la veracidad de los contenidos de los \u201eenlaces externos\u201c. Los responsables de los contenidos de los enlaces externos son los respectivos proveedores u operadores (autores) de los sitios web.<\/p>\n<p>Los enlaces externos se revisaron en el momento de su creaci\u00f3n para detectar posibles infracciones legales y, en ese momento, no conten\u00edan contenidos ilegales. No es posible realizar una revisi\u00f3n constante del contenido de los enlaces externos sin indicios concretos de una infracci\u00f3n legal. En el caso de enlaces directos o indirectos a sitios web de terceros que est\u00e1n fuera de nuestro \u00e1mbito de responsabilidad, solo existir\u00eda una obligaci\u00f3n de responsabilidad en el caso de que tuvi\u00e9ramos conocimiento del contenido y fuera t\u00e9cnicamente posible y razonable impedir el uso en caso de contenido ilegal.<\/p>\n<p>Esta exenci\u00f3n de responsabilidad tambi\u00e9n se aplica dentro de nuestra propia p\u00e1gina web \u201e<em>Nombre de su dominio<\/em>\u201cEnlaces y referencias establecidos por personas que plantean preguntas, autores de entradas en blogs o invitados al foro de debate. El proveedor de servicios de la p\u00e1gina a la que se hace referencia es el \u00fanico responsable de los contenidos ilegales, err\u00f3neos o incompletos y, en particular, de los da\u00f1os que se deriven del uso o no uso de la informaci\u00f3n presentada de este modo, y no quien simplemente remite a la publicaci\u00f3n correspondiente a trav\u00e9s de enlaces.<\/p>\n<p>Si tenemos conocimiento de alguna infracci\u00f3n, eliminaremos inmediatamente los enlaces externos.<\/p>\n<p><u>derechos de autor<\/u><\/p>\n<p>Los contenidos y obras publicados en nuestro sitio web est\u00e1n sujetos a la legislaci\u00f3n alemana en materia de derechos de autor (<a href=\"http:\/\/www.gesetze-im-internet.de\/bundesrecht\/urhg\/gesamt.pdf\" target=\"_blank\" rel=\"noopener noreferrer\" data-extlink=\"\">http:\/\/www.gesetze-im-internet.de\/bundesrecht\/urhg\/gesamt.pdf<\/a>). La reproducci\u00f3n, edici\u00f3n, distribuci\u00f3n y cualquier tipo de explotaci\u00f3n de la propiedad intelectual desde el punto de vista conceptual y material del autor fuera de los l\u00edmites de los derechos de autor requieren el consentimiento previo por escrito del autor correspondiente en el sentido de la ley de derechos de autor (<a href=\"http:\/\/www.gesetze-im-internet.de\/bundesrecht\/urhg\/gesamt.pdf\" target=\"_blank\" rel=\"noopener noreferrer\" data-extlink=\"\">http:\/\/www.gesetze-im-internet.de\/bundesrecht\/urhg\/gesamt.pdf<\/a>&nbsp;). Las descargas y copias de esta p\u00e1gina solo est\u00e1n permitidas para uso privado y no comercial. Si los contenidos de nuestra p\u00e1gina web no han sido creados por nosotros, se deben respetar los derechos de autor de terceros. Los contenidos de terceros se identifican como tales. No obstante, si detecta alguna infracci\u00f3n de los derechos de autor, le rogamos que nos lo comunique. Tan pronto como tengamos conocimiento de cualquier infracci\u00f3n, eliminaremos dichos contenidos inmediatamente.<\/p>\n<p>Obligaci\u00f3n general de informaci\u00f3n seg\u00fan el art\u00edculo 36 de la Ley alemana de resoluci\u00f3n de litigios en materia de consumo (VSBG):<br>Fortis Inkasso GmbH &amp; Co. KG no participa en ning\u00fan procedimiento de resoluci\u00f3n de litigios en el sentido de la VSBG (Ley alemana de resoluci\u00f3n de litigios). No existe ninguna obligaci\u00f3n legal al respecto.<\/p>\t\t\t\t\t\t\t\t<\/div>\n\t\t\t\t<\/div>\n\t\t\t\t\t<\/div>\n\t\t\t\t<\/div>\n\t\t\t\t<\/div>","protected":false},"excerpt":{"rendered":"<p>Angaben: Fortis Inkasso GmbH &amp; Co. KGGehrtsstra\u00dfe 1640235 D\u00fcsseldorf \/ Germany M +49 211 15856110 Email. info@fortis-inkasso.de Web. &nbsp;www.fortis-inkasso.de Registered Office: D\u00fcsseldorfRegistration No. HRA 27149Umsatzsteuer ID: DE368251884 Aufsicht:&nbsp; Bundesamt f\u00fcr Justiz Adenauerallee 99 \u2013 103 53113 Bonn Deutschland Managing Director: Fortis Verwaltungs GmbH Haftungsausschluss \u2013 Disclaimer: Haftung f\u00fcr Inhalte Alle Inhalte unseres Internetauftritts wurden mit [&hellip;]<\/p>\n","protected":false},"author":1,"featured_media":0,"parent":0,"menu_order":0,"comment_status":"closed","ping_status":"closed","template":"","meta":{"footnotes":""},"class_list":["post-252","page","type-page","status-publish","hentry"],"_links":{"self":[{"href":"https:\/\/fortis-inkasso.de\/es\/wp-json\/wp\/v2\/pages\/252","targetHints":{"allow":["GET"]}}],"collection":[{"href":"https:\/\/fortis-inkasso.de\/es\/wp-json\/wp\/v2\/pages"}],"about":[{"href":"https:\/\/fortis-inkasso.de\/es\/wp-json\/wp\/v2\/types\/page"}],"author":[{"embeddable":true,"href":"https:\/\/fortis-inkasso.de\/es\/wp-json\/wp\/v2\/users\/1"}],"replies":[{"embeddable":true,"href":"https:\/\/fortis-inkasso.de\/es\/wp-json\/wp\/v2\/comments?post=252"}],"version-history":[{"count":7,"href":"https:\/\/fortis-inkasso.de\/es\/wp-json\/wp\/v2\/pages\/252\/revisions"}],"predecessor-version":[{"id":260,"href":"https:\/\/fortis-inkasso.de\/es\/wp-json\/wp\/v2\/pages\/252\/revisions\/260"}],"wp:attachment":[{"href":"https:\/\/fortis-inkasso.de\/es\/wp-json\/wp\/v2\/media?parent=252"}],"curies":[{"name":"wp","href":"https:\/\/api.w.org\/{rel}","templated":true}]}}